{"id":114,"date":"2025-04-10T11:23:30","date_gmt":"2025-04-10T11:23:30","guid":{"rendered":"https:\/\/skynavsys.es\/?page_id=114"},"modified":"2025-05-05T11:32:06","modified_gmt":"2025-05-05T11:32:06","slug":"consulting","status":"publish","type":"page","link":"https:\/\/skynavsys.es\/en\/consulting\/","title":{"rendered":"Consulting"},"content":{"rendered":"<div class=\"wp-block-cover alignfull\" style=\"min-height:174px;aspect-ratio:unset;\"><span aria-hidden=\"true\" class=\"wp-block-cover__background has-background-dim\" style=\"background-color:#29317f\"><\/span><img fetchpriority=\"high\" decoding=\"async\" width=\"4134\" height=\"1906\" class=\"wp-block-cover__image-background wp-image-95\" alt=\"\" src=\"https:\/\/skynavsys.es\/wp-content\/uploads\/2025\/03\/fondo-azul_Mesa-de-trabajo-1.png\" data-object-fit=\"cover\" srcset=\"https:\/\/skynavsys.es\/wp-content\/uploads\/2025\/03\/fondo-azul_Mesa-de-trabajo-1.png 4134w, https:\/\/skynavsys.es\/wp-content\/uploads\/2025\/03\/fondo-azul_Mesa-de-trabajo-1-300x138.png 300w, https:\/\/skynavsys.es\/wp-content\/uploads\/2025\/03\/fondo-azul_Mesa-de-trabajo-1-1024x472.png 1024w, https:\/\/skynavsys.es\/wp-content\/uploads\/2025\/03\/fondo-azul_Mesa-de-trabajo-1-768x354.png 768w, https:\/\/skynavsys.es\/wp-content\/uploads\/2025\/03\/fondo-azul_Mesa-de-trabajo-1-1536x708.png 1536w, https:\/\/skynavsys.es\/wp-content\/uploads\/2025\/03\/fondo-azul_Mesa-de-trabajo-1-2048x944.png 2048w\" sizes=\"(max-width: 4134px) 100vw, 4134px\" \/><div class=\"wp-block-cover__inner-container has-global-padding is-layout-constrained wp-block-cover-is-layout-constrained\">\n<div class=\"wp-block-group alignwide has-global-padding is-content-justification-left is-layout-constrained wp-container-core-group-is-layout-1 wp-block-group-is-layout-constrained\" style=\"padding-top:var(--wp--preset--spacing--50);padding-bottom:var(--wp--preset--spacing--50)\">\n<p class=\"has-text-align-left\" style=\"font-size:clamp(15.197px, 0.95rem + ((1vw - 3.2px) * 0.765), 23px);font-style:normal;font-weight:400;letter-spacing:4px\">CONSULTING<\/p>\n<\/div>\n<\/div><\/div>\n\n\n\n<div class=\"wp-block-group alignfull has-global-padding is-layout-constrained wp-block-group-is-layout-constrained\" style=\"margin-top:0;margin-bottom:0;padding-top:var(--wp--preset--spacing--50);padding-bottom:var(--wp--preset--spacing--50)\">\n<div class=\"wp-block-columns alignwide is-layout-flex wp-container-core-columns-is-layout-2 wp-block-columns-is-layout-flex\">\n<div class=\"wp-block-column is-vertically-aligned-center is-layout-flow wp-container-core-column-is-layout-3 wp-block-column-is-layout-flow\">\n<div class=\"wp-block-columns is-layout-flex wp-container-core-columns-is-layout-1 wp-block-columns-is-layout-flex\">\n<div class=\"wp-block-column is-layout-flow wp-block-column-is-layout-flow\">\n<p class=\"is-style-text-subtitle is-style-text-subtitle--1\" style=\"font-size:clamp(23.043px, 1.44rem + ((1vw - 3.2px) * 1.466), 38px);font-style:normal;font-weight:1000\"><strong>CONSULTING<\/strong><\/p>\n\n\n\n<p><strong>Sky Navigation Systems<\/strong> is a trusted aeronautical consulting firm specializing in providing comprehensive and strategic advice to organizations in the aeronautical industry. With extensive experience and deep knowledge, Sky Navigation Systems offers tailored consulting services to help its clients navigate the complexities of the sector and achieve their operational and commercial objectives.<\/p>\n\n\n\n<p>Sky Navigation Systems offers a wide range of consulting services designed to address diverse needs across the aviation spectrum. From airlines and airports to aviation authorities and service providers, the company works closely with its clients to understand their specific goals, needs, and challenges. Whether optimizing operational processes, developing safety management systems, implementing regulatory compliance frameworks, or improving customer experience, Sky Navigation Systems offers tailored solutions tailored to each client's unique needs.<\/p>\n\n\n\n<p>As a trusted partner, Sky Navigation Systems is committed to building long-term relationships with its clients. The company fosters open communication, collaboration, and a deep sense of partnership to ensure its consulting services align with the client's vision and goals. Sky Navigation Systems goes the extra mile to provide ongoing support, guidance, and expertise, helping clients implement recommended strategies and address potential challenges along the way.<\/p>\n<\/div>\n\n\n\n<div class=\"wp-block-column is-layout-flow wp-block-column-is-layout-flow\">\n<figure class=\"wp-block-image size-full\"><img decoding=\"async\" width=\"714\" height=\"1000\" src=\"https:\/\/skynavsys.es\/wp-content\/uploads\/2025\/04\/businessmen-working-strategic-planning.jpg\" alt=\"\" class=\"wp-image-116\" srcset=\"https:\/\/skynavsys.es\/wp-content\/uploads\/2025\/04\/businessmen-working-strategic-planning.jpg 714w, https:\/\/skynavsys.es\/wp-content\/uploads\/2025\/04\/businessmen-working-strategic-planning-214x300.jpg 214w\" sizes=\"(max-width: 714px) 100vw, 714px\" \/><\/figure>\n<\/div>\n<\/div>\n<\/div>\n<\/div>\n<\/div>\n\n\n\n<p><\/p>","protected":false},"excerpt":{"rendered":"<p>CONSULTOR\u00cdA Sky Navigation Systems es una consultora aeron\u00e1utica de confianza, especializada en brindar asesoramiento integral y estrat\u00e9gico a organizaciones de la industria aeron\u00e1utica. Con una amplia experiencia y profundos conocimientos, Sky Navigation Systems ofrece servicios de consultor\u00eda a medida para ayudar a sus clientes a afrontar las complejidades del sector y alcanzar sus objetivos operativos [&hellip;]<\/p>","protected":false},"author":1,"featured_media":0,"parent":0,"menu_order":0,"comment_status":"closed","ping_status":"closed","template":"page-no-title","meta":{"footnotes":""},"class_list":["post-114","page","type-page","status-publish","hentry"],"jetpack_sharing_enabled":true,"_links":{"self":[{"href":"https:\/\/skynavsys.es\/en\/wp-json\/wp\/v2\/pages\/114","targetHints":{"allow":["GET"]}}],"collection":[{"href":"https:\/\/skynavsys.es\/en\/wp-json\/wp\/v2\/pages"}],"about":[{"href":"https:\/\/skynavsys.es\/en\/wp-json\/wp\/v2\/types\/page"}],"author":[{"embeddable":true,"href":"https:\/\/skynavsys.es\/en\/wp-json\/wp\/v2\/users\/1"}],"replies":[{"embeddable":true,"href":"https:\/\/skynavsys.es\/en\/wp-json\/wp\/v2\/comments?post=114"}],"version-history":[{"count":20,"href":"https:\/\/skynavsys.es\/en\/wp-json\/wp\/v2\/pages\/114\/revisions"}],"predecessor-version":[{"id":209,"href":"https:\/\/skynavsys.es\/en\/wp-json\/wp\/v2\/pages\/114\/revisions\/209"}],"wp:attachment":[{"href":"https:\/\/skynavsys.es\/en\/wp-json\/wp\/v2\/media?parent=114"}],"curies":[{"name":"wp","href":"https:\/\/api.w.org\/{rel}","templated":true}]}}