{"id":131,"date":"2025-04-10T11:28:51","date_gmt":"2025-04-10T11:28:51","guid":{"rendered":"https:\/\/skynavsys.es\/?page_id=131"},"modified":"2025-05-11T18:02:26","modified_gmt":"2025-05-11T18:02:26","slug":"mantenimiento","status":"publish","type":"page","link":"https:\/\/skynavsys.es\/en\/mantenimiento\/","title":{"rendered":"Maintenance &amp; Technical"},"content":{"rendered":"<div class=\"wp-block-cover alignfull\" style=\"min-height:174px;aspect-ratio:unset;\"><span aria-hidden=\"true\" class=\"wp-block-cover__background has-background-dim\" style=\"background-color:#29317f\"><\/span><img fetchpriority=\"high\" decoding=\"async\" width=\"4134\" height=\"1906\" class=\"wp-block-cover__image-background wp-image-95\" alt=\"\" src=\"https:\/\/skynavsys.es\/wp-content\/uploads\/2025\/03\/fondo-azul_Mesa-de-trabajo-1.png\" data-object-fit=\"cover\" srcset=\"https:\/\/skynavsys.es\/wp-content\/uploads\/2025\/03\/fondo-azul_Mesa-de-trabajo-1.png 4134w, https:\/\/skynavsys.es\/wp-content\/uploads\/2025\/03\/fondo-azul_Mesa-de-trabajo-1-300x138.png 300w, https:\/\/skynavsys.es\/wp-content\/uploads\/2025\/03\/fondo-azul_Mesa-de-trabajo-1-1024x472.png 1024w, https:\/\/skynavsys.es\/wp-content\/uploads\/2025\/03\/fondo-azul_Mesa-de-trabajo-1-768x354.png 768w, https:\/\/skynavsys.es\/wp-content\/uploads\/2025\/03\/fondo-azul_Mesa-de-trabajo-1-1536x708.png 1536w, https:\/\/skynavsys.es\/wp-content\/uploads\/2025\/03\/fondo-azul_Mesa-de-trabajo-1-2048x944.png 2048w\" sizes=\"(max-width: 4134px) 100vw, 4134px\" \/><div class=\"wp-block-cover__inner-container has-global-padding is-layout-constrained wp-block-cover-is-layout-constrained\">\n<div class=\"wp-block-group alignwide has-global-padding is-content-justification-left is-layout-constrained wp-container-core-group-is-layout-1 wp-block-group-is-layout-constrained\" style=\"padding-top:var(--wp--preset--spacing--50);padding-bottom:var(--wp--preset--spacing--50)\">\n<p class=\"has-text-align-left\" style=\"font-size:clamp(15.197px, 0.95rem + ((1vw - 3.2px) * 0.765), 23px);font-style:normal;font-weight:400;letter-spacing:4px\">MAINTENANCE &amp; TECHNICAL<\/p>\n<\/div>\n<\/div><\/div>\n\n\n\n<div class=\"wp-block-group alignfull has-global-padding is-layout-constrained wp-block-group-is-layout-constrained\" style=\"margin-top:0;margin-bottom:0;padding-top:var(--wp--preset--spacing--50);padding-bottom:var(--wp--preset--spacing--50)\">\n<div class=\"wp-block-columns alignwide is-layout-flex wp-container-core-columns-is-layout-2 wp-block-columns-is-layout-flex\">\n<div class=\"wp-block-column is-vertically-aligned-center is-layout-flow wp-container-core-column-is-layout-3 wp-block-column-is-layout-flow\">\n<h1 class=\"wp-block-heading is-style-text-display has-contrast-color has-text-color has-link-color wp-elements-94574d949f368f8fe6297d5a64bed4ed is-style-text-display--1\" style=\"font-size:clamp(23.043px, 1.44rem + ((1vw - 3.2px) * 1.466), 38px);font-style:normal;font-weight:800\"><strong>MAINTENANCE &amp; TECHNICAL<\/strong><\/h1>\n\n\n\n<div class=\"wp-block-columns is-layout-flex wp-container-core-columns-is-layout-1 wp-block-columns-is-layout-flex\">\n<div class=\"wp-block-column is-layout-flow wp-block-column-is-layout-flow\">\n<svg style=\"display:none;\">\n  <symbol id=\"check-icon\" viewbox=\"0 -46 417.81333 417.81333\">\n    <path d=\"m159.988281 318.582031c-3.988281 4.011719-9.429687 6.25-15.082031 6.25s-11.09375-2.238281-15.082031-6.25l-120.449219-120.46875c-12.5-12.5-12.5-32.769531 0-45.246093l15.082031-15.085938c12.503907-12.5 32.75-12.5 45.25 0l75.199219 75.203125 203.199219-203.203125c12.503906-12.5 32.769531-12.5 45.25 0l15.082031 15.085938c12.5 12.5 12.5 32.765624 0 45.246093zm0 0\" fill=\"#2A2F80\"\/>\n  <\/symbol>\n<\/svg>\n\n<ul style=\"font-size:18px; line-height:2.6; list-style:none; padding:0;\">\n  <li class=\"check-item\">\n    <svg class=\"check-icon\" style=\"width: 18px; height: 18px; margin-right:18px;\">\n      <use href=\"#check-icon\" \/>\n    <\/svg>\n    Technical Assistance\n  <\/li>\n  <li class=\"check-item\">\n    <svg class=\"check-icon\" style=\"width: 18px; height: 18px; margin-right:18px;\">\n      <use href=\"#check-icon\" \/>\n    <\/svg>\n    Civil &amp; Installation and commissioning\n  <\/li>\n  <li class=\"check-item\">\n    <svg class=\"check-icon\" style=\"width: 18px; height: 18px; margin-right:18px;\">\n      <use href=\"#check-icon\" \/>\n    <\/svg>\n    On-site training\n  <\/li>\n  <li class=\"check-item\">\n    <svg class=\"check-icon\" style=\"width: 18px; height: 18px; margin-right:18px;\">\n      <use href=\"#check-icon\" \/>\n    <\/svg>\n    Operation and maintenance support\n  <\/li>\n  <li class=\"check-item\">\n    <svg class=\"check-icon\" style=\"width: 18px; height: 18px; margin-right:18px;\">\n      <use href=\"#check-icon\" \/>\n    <\/svg>\n    Turnkey solutions\n  <\/li>\n  <li class=\"check-item\">\n    <svg class=\"check-icon\" style=\"width: 18px; height: 18px; margin-right:18px;\">\n      <use href=\"#check-icon\" \/>\n    <\/svg>\n    Detailed Site Survey Visit\n  <\/li>\n  <li class=\"check-item\">\n    <svg class=\"check-icon\" style=\"width: 18px; height: 18px; margin-right:18px;\">\n      <use href=\"#check-icon\" \/>\n    <\/svg>\n    Initial technical coordination, Preliminary &amp; Final Design Review\n  <\/li>\n  <li class=\"check-item\">\n    <svg class=\"check-icon\" style=\"width: 18px; height: 18px; margin-right:18px;\">\n      <use href=\"#check-icon\" \/>\n    <\/svg>\n    Commissioning\n  <\/li>\n  <li class=\"check-item\">\n    <svg class=\"check-icon\" style=\"width: 18px; height: 18px; margin-right:18px;\">\n      <use href=\"#check-icon\" \/>\n    <\/svg>\n    Providing Maintenance Contract\n  <\/li>\n  <li class=\"check-item\">\n    <svg class=\"check-icon\" style=\"width: 18px; height: 18px; margin-right:18px;\">\n      <use href=\"#check-icon\" \/>\n    <\/svg>\n    After sales service\n  <\/li>\n<\/ul>\n\n<style>\n  .check-item {\n    display: flex;\n    align-items: center;\n    transition: all 0.3s ease;\n  }\n\n  .check-item:hover .check-icon {\n    transform: scale(1.2);\n  }\n\n<\/style>\n<\/div>\n\n\n\n<div class=\"wp-block-column is-layout-flow wp-block-column-is-layout-flow\">\n<figure class=\"wp-block-image aligncenter size-full is-resized\"><img decoding=\"async\" width=\"1000\" height=\"1009\" src=\"https:\/\/skynavsys.es\/wp-content\/uploads\/2025\/04\/1-4.jpg\" alt=\"\" class=\"wp-image-136\" style=\"width:554px;height:auto\" srcset=\"https:\/\/skynavsys.es\/wp-content\/uploads\/2025\/04\/1-4.jpg 1000w, https:\/\/skynavsys.es\/wp-content\/uploads\/2025\/04\/1-4-297x300.jpg 297w, https:\/\/skynavsys.es\/wp-content\/uploads\/2025\/04\/1-4-150x150.jpg 150w, https:\/\/skynavsys.es\/wp-content\/uploads\/2025\/04\/1-4-768x775.jpg 768w\" sizes=\"(max-width: 1000px) 100vw, 1000px\" \/><\/figure>\n<\/div>\n<\/div>\n<\/div>\n<\/div>\n<\/div>\n\n\n\n<p><\/p>","protected":false},"excerpt":{"rendered":"<p>MANTENIMIENTO Y T\u00c9CNICOS Asistencia T\u00e9cnica Obras Civiles, Instalaci\u00f3n y Puesta en Marcha Capacitaci\u00f3n en Obra Soporte de Operaci\u00f3n y Mantenimiento Soluciones llave en mano Visita de Inspecci\u00f3n Detallada de Obra Coordinaci\u00f3n t\u00e9cnica inicial, Revisi\u00f3n Preliminar y Final del Dise\u00f1o Puesta en Marcha Contrato de Mantenimiento Servicio Postventa<\/p>","protected":false},"author":1,"featured_media":0,"parent":0,"menu_order":0,"comment_status":"closed","ping_status":"closed","template":"page-no-title","meta":{"footnotes":""},"class_list":["post-131","page","type-page","status-publish","hentry"],"jetpack_sharing_enabled":true,"_links":{"self":[{"href":"https:\/\/skynavsys.es\/en\/wp-json\/wp\/v2\/pages\/131","targetHints":{"allow":["GET"]}}],"collection":[{"href":"https:\/\/skynavsys.es\/en\/wp-json\/wp\/v2\/pages"}],"about":[{"href":"https:\/\/skynavsys.es\/en\/wp-json\/wp\/v2\/types\/page"}],"author":[{"embeddable":true,"href":"https:\/\/skynavsys.es\/en\/wp-json\/wp\/v2\/users\/1"}],"replies":[{"embeddable":true,"href":"https:\/\/skynavsys.es\/en\/wp-json\/wp\/v2\/comments?post=131"}],"version-history":[{"count":31,"href":"https:\/\/skynavsys.es\/en\/wp-json\/wp\/v2\/pages\/131\/revisions"}],"predecessor-version":[{"id":880,"href":"https:\/\/skynavsys.es\/en\/wp-json\/wp\/v2\/pages\/131\/revisions\/880"}],"wp:attachment":[{"href":"https:\/\/skynavsys.es\/en\/wp-json\/wp\/v2\/media?parent=131"}],"curies":[{"name":"wp","href":"https:\/\/api.w.org\/{rel}","templated":true}]}}