{"id":1400,"date":"2025-05-19T10:19:38","date_gmt":"2025-05-19T10:19:38","guid":{"rendered":"https:\/\/skynavsys.es\/?page_id=1400"},"modified":"2025-05-23T10:34:19","modified_gmt":"2025-05-23T10:34:19","slug":"noticias","status":"publish","type":"page","link":"https:\/\/skynavsys.es\/en\/noticias\/","title":{"rendered":"News"},"content":{"rendered":"<div class=\"wp-block-cover alignfull\" style=\"min-height:174px;aspect-ratio:unset;\"><span aria-hidden=\"true\" class=\"wp-block-cover__background has-background-dim\" style=\"background-color:#29317f\"><\/span><img fetchpriority=\"high\" decoding=\"async\" width=\"4134\" height=\"1906\" class=\"wp-block-cover__image-background wp-image-95\" alt=\"\" src=\"https:\/\/skynavsys.es\/wp-content\/uploads\/2025\/03\/fondo-azul_Mesa-de-trabajo-1.png\" data-object-fit=\"cover\" srcset=\"https:\/\/skynavsys.es\/wp-content\/uploads\/2025\/03\/fondo-azul_Mesa-de-trabajo-1.png 4134w, https:\/\/skynavsys.es\/wp-content\/uploads\/2025\/03\/fondo-azul_Mesa-de-trabajo-1-300x138.png 300w, https:\/\/skynavsys.es\/wp-content\/uploads\/2025\/03\/fondo-azul_Mesa-de-trabajo-1-1024x472.png 1024w, https:\/\/skynavsys.es\/wp-content\/uploads\/2025\/03\/fondo-azul_Mesa-de-trabajo-1-768x354.png 768w, https:\/\/skynavsys.es\/wp-content\/uploads\/2025\/03\/fondo-azul_Mesa-de-trabajo-1-1536x708.png 1536w, https:\/\/skynavsys.es\/wp-content\/uploads\/2025\/03\/fondo-azul_Mesa-de-trabajo-1-2048x944.png 2048w\" sizes=\"(max-width: 4134px) 100vw, 4134px\" \/><div class=\"wp-block-cover__inner-container has-global-padding is-layout-constrained wp-block-cover-is-layout-constrained\">\n<div class=\"wp-block-group alignwide has-global-padding is-content-justification-left is-layout-constrained wp-container-core-group-is-layout-1 wp-block-group-is-layout-constrained\" style=\"padding-top:var(--wp--preset--spacing--50);padding-bottom:var(--wp--preset--spacing--50)\">\n<p class=\"has-text-align-left\" style=\"font-size:clamp(15.197px, 0.95rem + ((1vw - 3.2px) * 0.765), 23px);font-style:normal;font-weight:400;letter-spacing:4px\">NEWS<\/p>\n<\/div>\n<\/div><\/div>\n\n\n\n<div class=\"wp-block-group alignfull has-global-padding is-content-justification-center is-layout-constrained wp-container-core-group-is-layout-4 wp-block-group-is-layout-constrained\" style=\"margin-top:0;margin-bottom:0;padding-top:calc( 0.5 * var(--wp--style--root--padding-right, var(--wp--custom--gap--horizontal)));padding-right:var(--wp--style--root--padding-right, var(--wp--custom--gap--horizontal));padding-bottom:calc( 0.5 * var(--wp--style--root--padding-right, var(--wp--custom--gap--horizontal)));padding-left:var(--wp--style--root--padding-left, var(--wp--custom--gap--horizontal))\">\n<div style=\"height:var(--wp--preset--spacing--20)\" aria-hidden=\"true\" class=\"wp-block-spacer\"><\/div>\n\n\n\n<div class=\"wp-block-columns alignwide contenedor-noticias is-layout-flex wp-container-core-columns-is-layout-1 wp-block-columns-is-layout-flex\" style=\"margin-top:0;margin-bottom:0;padding-right:0;padding-left:0\">\n<div class=\"wp-block-column is-vertically-aligned-stretch noticia has-background is-layout-flow wp-block-column-is-layout-flow\" style=\"border-radius:42px;background-color:#293180;padding-top:var(--wp--preset--spacing--40);padding-right:var(--wp--preset--spacing--40);padding-bottom:var(--wp--preset--spacing--40);padding-left:var(--wp--preset--spacing--40)\">\n<figure class=\"wp-block-image aligncenter size-full has-custom-border is-style-default\"><a href=\"https:\/\/skynavsys.es\/en\/noticia-1\/\"><img decoding=\"async\" width=\"958\" height=\"958\" src=\"https:\/\/skynavsys.es\/wp-content\/uploads\/2025\/05\/image-65-edited-6.png\" alt=\"\" class=\"wp-image-1433\" style=\"border-top-left-radius:29px;border-top-right-radius:29px\" srcset=\"https:\/\/skynavsys.es\/wp-content\/uploads\/2025\/05\/image-65-edited-6.png 958w, https:\/\/skynavsys.es\/wp-content\/uploads\/2025\/05\/image-65-edited-6-300x300.png 300w, https:\/\/skynavsys.es\/wp-content\/uploads\/2025\/05\/image-65-edited-6-150x150.png 150w, https:\/\/skynavsys.es\/wp-content\/uploads\/2025\/05\/image-65-edited-6-768x768.png 768w, https:\/\/skynavsys.es\/wp-content\/uploads\/2025\/05\/image-65-edited-6-600x600.png 600w, https:\/\/skynavsys.es\/wp-content\/uploads\/2025\/05\/image-65-edited-6-100x100.png 100w\" sizes=\"(max-width: 958px) 100vw, 958px\" \/><\/a><\/figure>\n\n\n\n<p class=\"has-text-align-center has-text-color has-link-color wp-elements-0d3c9897e7bdb44ae79fb4862195fdaa\" style=\"color:#ffffff7d;font-size:14px\"><em>\u2013 March 16, 2024 \u2013<\/em><\/p>\n\n\n\n<div class=\"wp-block-group is-layout-flow wp-block-group-is-layout-flow\">\n<h3 class=\"wp-block-heading has-text-align-center is-service-name has-base-color has-text-color has-link-color wp-elements-e211346f77df928d9a617550a03f24c5\" style=\"font-size:clamp(14px, 0.875rem + ((1vw - 3.2px) * 0.294), 17px);font-style:normal;font-weight:1000;line-height:1.5;text-transform:none\"><a href=\"https:\/\/skynavsys.es\/en\/noticia-1\/\" data-type=\"page\" data-id=\"1561\" style=\"text-decoration: none;\">Navigational Aids System ILS\/DME Normac-7000- Benina International Airport<\/a><\/h3>\n<\/div>\n\n\n\n<p class=\"has-text-align-center is-service-description is-style-text-display has-text-color has-link-color wp-elements-58c9a055b8392760ae7860f4155f0574 is-style-text-display--1\" style=\"color:#ffffff7d;font-size:14px;font-style:normal;font-weight:100;line-height:1.5\"><a href=\"https:\/\/skynavsys.es\/en\/noticia-1\/\" data-type=\"page\" data-id=\"1561\" style=\"text-decoration: none;\">Finalize the project of Supply and installation of <em>Navigational Aids System ILS\/DME Normac-7000<\/em> for Benina International Airport.<\/a><\/p>\n\n\n\n<div class=\"wp-block-buttons is-content-justification-center is-layout-flex wp-container-core-buttons-is-layout-1 wp-block-buttons-is-layout-flex\">\n<div class=\"wp-block-button\"><a class=\"wp-block-button__link has-text-align-center wp-element-button\" href=\"https:\/\/skynavsys.es\/en\/noticia-1\/\">Read more<\/a><\/div>\n<\/div>\n<\/div>\n\n\n\n<div class=\"wp-block-column is-vertically-aligned-stretch noticia has-base-color has-text-color has-background has-link-color wp-elements-b7677dfaf89254fc787b74313e63afd9 is-layout-flow wp-block-column-is-layout-flow\" style=\"border-radius:42px;background-color:#29317f;padding-top:var(--wp--preset--spacing--40);padding-right:var(--wp--preset--spacing--40);padding-bottom:var(--wp--preset--spacing--40);padding-left:var(--wp--preset--spacing--40)\">\n<figure class=\"wp-block-image aligncenter size-full has-custom-border\"><a href=\"https:\/\/skynavsys.es\/en\/noticia-2\/\"><img decoding=\"async\" width=\"1281\" height=\"1280\" src=\"https:\/\/skynavsys.es\/wp-content\/uploads\/2025\/05\/image-66-edited-6.png\" alt=\"\" class=\"wp-image-1428\" style=\"border-top-left-radius:29px;border-top-right-radius:29px\" srcset=\"https:\/\/skynavsys.es\/wp-content\/uploads\/2025\/05\/image-66-edited-6.png 1281w, https:\/\/skynavsys.es\/wp-content\/uploads\/2025\/05\/image-66-edited-6-300x300.png 300w, https:\/\/skynavsys.es\/wp-content\/uploads\/2025\/05\/image-66-edited-6-1024x1024.png 1024w, https:\/\/skynavsys.es\/wp-content\/uploads\/2025\/05\/image-66-edited-6-150x150.png 150w, https:\/\/skynavsys.es\/wp-content\/uploads\/2025\/05\/image-66-edited-6-768x767.png 768w, https:\/\/skynavsys.es\/wp-content\/uploads\/2025\/05\/image-66-edited-6-600x600.png 600w, https:\/\/skynavsys.es\/wp-content\/uploads\/2025\/05\/image-66-edited-6-100x100.png 100w\" sizes=\"(max-width: 1281px) 100vw, 1281px\" \/><\/a><\/figure>\n\n\n\n<p class=\"has-text-align-center has-text-color has-link-color wp-elements-5040dc5047d0a7c90024014fe20a937a\" style=\"color:#ffffff7d;font-size:14px\"><em>\u2013 January 17, 2024 \u2013<\/em><\/p>\n\n\n\n<div class=\"wp-block-group is-layout-flow wp-block-group-is-layout-flow\">\n<h3 class=\"wp-block-heading has-text-align-center is-service-name\" style=\"font-size:clamp(14px, 0.875rem + ((1vw - 3.2px) * 0.294), 17px);font-style:normal;font-weight:1000;line-height:1.5\"><a href=\"https:\/\/skynavsys.es\/en\/noticia-2\/\" data-type=\"page\" data-id=\"1528\" style=\"text-decoration: none;\">Workshop on optimization of aviation operational safety (oil sector)<\/a><\/h3>\n\n\n\n<p class=\"has-text-align-center has-text-color has-link-color wp-elements-db05cb4ed1941b8303b365a66013a517\" style=\"color:#ffffff7d;font-size:14px;font-style:normal;font-weight:100\"><a style=\"text-decoration: none;\" href=\"https:\/\/skynavsys.es\/en\/noticia-2\/\" data-type=\"page\" data-id=\"1528\">The workshop \"Optimizing Aviation Safety in the Oil Sector\" was held today under the auspices of the National Oil Corporation and in cooperation\u2026<\/a><\/p>\n<\/div>\n\n\n\n<div class=\"wp-block-buttons is-content-justification-center is-layout-flex wp-container-core-buttons-is-layout-2 wp-block-buttons-is-layout-flex\">\n<div class=\"wp-block-button\"><a class=\"wp-block-button__link has-text-align-center wp-element-button\" href=\"https:\/\/skynavsys.es\/en\/noticia-2\/\">Read more<\/a><\/div>\n<\/div>\n<\/div>\n\n\n\n<div class=\"wp-block-column is-layout-flow wp-block-column-is-layout-flow\">\n<div style=\"height:4px\" aria-hidden=\"true\" class=\"wp-block-spacer\"><\/div>\n<\/div>\n<\/div>\n\n\n\n<div style=\"height:calc( 0.25 * var(--wp--style--root--padding-right, var(--wp--custom--gap--horizontal)))\" aria-hidden=\"true\" class=\"wp-block-spacer\"><\/div>\n<\/div>\n\n\n\n<p><\/p>","protected":false},"excerpt":{"rendered":"<p>&#8211; 16 de marzo 2024 &#8211; Navigational Aids System ILS\/DME Normac-7000- Aeropuerto Internacional de Benina Finaliza el proyecto de Suministro e instalaci\u00f3n del Navigational Aids System ILS\/DME Normac-7000 para el Aeropuerto Internacional de Benina. &#8211; 17 de enero 2024 &#8211; Taller de optimizaci\u00f3n en la seguridad operacional de aviaci\u00f3n (sector petrolero) Hoy se celebr\u00f3 el [&hellip;]<\/p>","protected":false},"author":1,"featured_media":0,"parent":0,"menu_order":0,"comment_status":"closed","ping_status":"closed","template":"page-no-title","meta":{"footnotes":""},"class_list":["post-1400","page","type-page","status-publish","hentry"],"jetpack_sharing_enabled":true,"_links":{"self":[{"href":"https:\/\/skynavsys.es\/en\/wp-json\/wp\/v2\/pages\/1400","targetHints":{"allow":["GET"]}}],"collection":[{"href":"https:\/\/skynavsys.es\/en\/wp-json\/wp\/v2\/pages"}],"about":[{"href":"https:\/\/skynavsys.es\/en\/wp-json\/wp\/v2\/types\/page"}],"author":[{"embeddable":true,"href":"https:\/\/skynavsys.es\/en\/wp-json\/wp\/v2\/users\/1"}],"replies":[{"embeddable":true,"href":"https:\/\/skynavsys.es\/en\/wp-json\/wp\/v2\/comments?post=1400"}],"version-history":[{"count":82,"href":"https:\/\/skynavsys.es\/en\/wp-json\/wp\/v2\/pages\/1400\/revisions"}],"predecessor-version":[{"id":1779,"href":"https:\/\/skynavsys.es\/en\/wp-json\/wp\/v2\/pages\/1400\/revisions\/1779"}],"wp:attachment":[{"href":"https:\/\/skynavsys.es\/en\/wp-json\/wp\/v2\/media?parent=1400"}],"curies":[{"name":"wp","href":"https:\/\/api.w.org\/{rel}","templated":true}]}}