{"id":150,"date":"2025-05-05T10:19:36","date_gmt":"2025-05-05T10:19:36","guid":{"rendered":"https:\/\/skynavsys.es\/?page_id=150"},"modified":"2025-05-05T12:24:24","modified_gmt":"2025-05-05T12:24:24","slug":"informacion-tecnologica","status":"publish","type":"page","link":"https:\/\/skynavsys.es\/en\/informacion-tecnologica\/","title":{"rendered":"Information Technology"},"content":{"rendered":"<div class=\"wp-block-cover alignfull\" style=\"min-height:174px;aspect-ratio:unset;\"><span aria-hidden=\"true\" class=\"wp-block-cover__background has-background-dim\" style=\"background-color:#29317f\"><\/span><img fetchpriority=\"high\" decoding=\"async\" width=\"4134\" height=\"1906\" class=\"wp-block-cover__image-background wp-image-95\" alt=\"\" src=\"https:\/\/skynavsys.es\/wp-content\/uploads\/2025\/03\/fondo-azul_Mesa-de-trabajo-1.png\" data-object-fit=\"cover\" srcset=\"https:\/\/skynavsys.es\/wp-content\/uploads\/2025\/03\/fondo-azul_Mesa-de-trabajo-1.png 4134w, https:\/\/skynavsys.es\/wp-content\/uploads\/2025\/03\/fondo-azul_Mesa-de-trabajo-1-300x138.png 300w, https:\/\/skynavsys.es\/wp-content\/uploads\/2025\/03\/fondo-azul_Mesa-de-trabajo-1-1024x472.png 1024w, https:\/\/skynavsys.es\/wp-content\/uploads\/2025\/03\/fondo-azul_Mesa-de-trabajo-1-768x354.png 768w, https:\/\/skynavsys.es\/wp-content\/uploads\/2025\/03\/fondo-azul_Mesa-de-trabajo-1-1536x708.png 1536w, https:\/\/skynavsys.es\/wp-content\/uploads\/2025\/03\/fondo-azul_Mesa-de-trabajo-1-2048x944.png 2048w\" sizes=\"(max-width: 4134px) 100vw, 4134px\" \/><div class=\"wp-block-cover__inner-container has-global-padding is-layout-constrained wp-block-cover-is-layout-constrained\">\n<div class=\"wp-block-group alignwide has-global-padding is-content-justification-left is-layout-constrained wp-container-core-group-is-layout-1 wp-block-group-is-layout-constrained\" style=\"padding-top:var(--wp--preset--spacing--50);padding-bottom:var(--wp--preset--spacing--50)\">\n<p class=\"has-text-align-left\" style=\"font-size:clamp(15.197px, 0.95rem + ((1vw - 3.2px) * 0.765), 23px);font-style:normal;font-weight:400;letter-spacing:4px\">INFORMATION TECHNOLOGY<\/p>\n<\/div>\n<\/div><\/div>\n\n\n\n<div class=\"wp-block-group alignfull has-global-padding is-layout-constrained wp-block-group-is-layout-constrained\" style=\"margin-top:0;margin-bottom:0;padding-top:var(--wp--preset--spacing--50);padding-bottom:var(--wp--preset--spacing--50)\">\n<div class=\"wp-block-columns alignwide is-layout-flex wp-container-core-columns-is-layout-2 wp-block-columns-is-layout-flex\">\n<div class=\"wp-block-column is-vertically-aligned-center is-layout-flow wp-container-core-column-is-layout-3 wp-block-column-is-layout-flow\">\n<h2 class=\"wp-block-heading\" style=\"font-size:clamp(23.043px, 1.44rem + ((1vw - 3.2px) * 1.466), 38px);font-style:normal;font-weight:800\">INFORMATION TECHNOLOGY<\/h2>\n\n\n\n<div class=\"wp-block-columns is-layout-flex wp-container-core-columns-is-layout-1 wp-block-columns-is-layout-flex\">\n<div class=\"wp-block-column is-layout-flow wp-block-column-is-layout-flow\">\n<p>We work with our clients to provide the ideal combination of IT support for their hardware, software, and data, maximizing their overall benefits. <\/p>\n\n\n\n<p>Depending on the size of your business, we offer exceptional service tailored to your needs.<\/p>\n<\/div>\n\n\n\n<div class=\"wp-block-column is-layout-flow wp-block-column-is-layout-flow\">\n<figure class=\"wp-block-image size-full\"><img decoding=\"async\" width=\"1000\" height=\"667\" src=\"https:\/\/skynavsys.es\/wp-content\/uploads\/2025\/05\/image.png\" alt=\"\" class=\"wp-image-255\" srcset=\"https:\/\/skynavsys.es\/wp-content\/uploads\/2025\/05\/image.png 1000w, https:\/\/skynavsys.es\/wp-content\/uploads\/2025\/05\/image-300x200.png 300w, https:\/\/skynavsys.es\/wp-content\/uploads\/2025\/05\/image-768x512.png 768w\" sizes=\"(max-width: 1000px) 100vw, 1000px\" \/><\/figure>\n<\/div>\n<\/div>\n<\/div>\n<\/div>\n<\/div>\n\n\n\n<p><\/p>","protected":false},"excerpt":{"rendered":"<p>INFORMACI\u00d3N TECNOL\u00d3GICA Trabajamos con nuestros clientes para brindarles la combinaci\u00f3n ideal de soporte de TI para sus equipos de hardware, software y datos, maximizando as\u00ed sus beneficios generales. Dependiendo del tama\u00f1o de la empresa, ofrecemos un servicio excepcional que se adapta a sus necesidades.<\/p>","protected":false},"author":1,"featured_media":0,"parent":0,"menu_order":0,"comment_status":"closed","ping_status":"closed","template":"page-no-title","meta":{"footnotes":""},"class_list":["post-150","page","type-page","status-publish","hentry"],"jetpack_sharing_enabled":true,"_links":{"self":[{"href":"https:\/\/skynavsys.es\/en\/wp-json\/wp\/v2\/pages\/150","targetHints":{"allow":["GET"]}}],"collection":[{"href":"https:\/\/skynavsys.es\/en\/wp-json\/wp\/v2\/pages"}],"about":[{"href":"https:\/\/skynavsys.es\/en\/wp-json\/wp\/v2\/types\/page"}],"author":[{"embeddable":true,"href":"https:\/\/skynavsys.es\/en\/wp-json\/wp\/v2\/users\/1"}],"replies":[{"embeddable":true,"href":"https:\/\/skynavsys.es\/en\/wp-json\/wp\/v2\/comments?post=150"}],"version-history":[{"count":18,"href":"https:\/\/skynavsys.es\/en\/wp-json\/wp\/v2\/pages\/150\/revisions"}],"predecessor-version":[{"id":259,"href":"https:\/\/skynavsys.es\/en\/wp-json\/wp\/v2\/pages\/150\/revisions\/259"}],"wp:attachment":[{"href":"https:\/\/skynavsys.es\/en\/wp-json\/wp\/v2\/media?parent=150"}],"curies":[{"name":"wp","href":"https:\/\/api.w.org\/{rel}","templated":true}]}}