{"id":3,"date":"2025-03-04T13:37:01","date_gmt":"2025-03-04T13:37:01","guid":{"rendered":"https:\/\/skynavsys.es\/?page_id=3"},"modified":"2025-05-11T18:01:38","modified_gmt":"2025-05-11T18:01:38","slug":"privacy-policy","status":"publish","type":"page","link":"https:\/\/skynavsys.es\/en\/privacy-policy\/","title":{"rendered":"\u00bfQui\u00e9nes somos?"},"content":{"rendered":"<div class=\"wp-block-cover alignfull\" style=\"min-height:174px;aspect-ratio:unset;\"><span aria-hidden=\"true\" class=\"wp-block-cover__background has-background-dim\" style=\"background-color:#29317f\"><\/span><img fetchpriority=\"high\" decoding=\"async\" width=\"4134\" height=\"1906\" class=\"wp-block-cover__image-background wp-image-95\" alt=\"\" src=\"https:\/\/skynavsys.es\/wp-content\/uploads\/2025\/03\/fondo-azul_Mesa-de-trabajo-1.png\" data-object-fit=\"cover\" srcset=\"https:\/\/skynavsys.es\/wp-content\/uploads\/2025\/03\/fondo-azul_Mesa-de-trabajo-1.png 4134w, https:\/\/skynavsys.es\/wp-content\/uploads\/2025\/03\/fondo-azul_Mesa-de-trabajo-1-300x138.png 300w, https:\/\/skynavsys.es\/wp-content\/uploads\/2025\/03\/fondo-azul_Mesa-de-trabajo-1-1024x472.png 1024w, https:\/\/skynavsys.es\/wp-content\/uploads\/2025\/03\/fondo-azul_Mesa-de-trabajo-1-768x354.png 768w, https:\/\/skynavsys.es\/wp-content\/uploads\/2025\/03\/fondo-azul_Mesa-de-trabajo-1-1536x708.png 1536w, https:\/\/skynavsys.es\/wp-content\/uploads\/2025\/03\/fondo-azul_Mesa-de-trabajo-1-2048x944.png 2048w\" sizes=\"(max-width: 4134px) 100vw, 4134px\" \/><div class=\"wp-block-cover__inner-container has-global-padding is-layout-constrained wp-block-cover-is-layout-constrained\">\n<div class=\"wp-block-group alignwide has-global-padding is-content-justification-left is-layout-constrained wp-container-core-group-is-layout-1 wp-block-group-is-layout-constrained\" style=\"padding-top:var(--wp--preset--spacing--50);padding-bottom:var(--wp--preset--spacing--50)\">\n<p class=\"has-text-align-left\" style=\"font-size:clamp(15.197px, 0.95rem + ((1vw - 3.2px) * 0.765), 23px);font-style:normal;font-weight:400;letter-spacing:4px\">ABOUT US<\/p>\n<\/div>\n<\/div><\/div>\n\n\n\n<div class=\"wp-block-group alignfull has-global-padding is-layout-constrained wp-block-group-is-layout-constrained\" style=\"margin-top:0;margin-bottom:0;padding-top:var(--wp--preset--spacing--50);padding-bottom:var(--wp--preset--spacing--50)\">\n<div class=\"wp-block-columns alignwide is-layout-flex wp-container-core-columns-is-layout-2 wp-block-columns-is-layout-flex\">\n<div class=\"wp-block-column is-vertically-aligned-center is-layout-flow wp-container-core-column-is-layout-3 wp-block-column-is-layout-flow\">\n<h1 class=\"wp-block-heading is-style-text-display has-contrast-color has-text-color has-link-color wp-elements-ddfffe8ec8c84f8d790d1e1d35f5da24 is-style-text-display--1\" style=\"font-size:clamp(23.043px, 1.44rem + ((1vw - 3.2px) * 1.466), 38px);font-style:normal;font-weight:600\"><strong>WHO ARE WE<\/strong><\/h1>\n\n\n\n<div class=\"wp-block-columns is-layout-flex wp-container-core-columns-is-layout-1 wp-block-columns-is-layout-flex\">\n<div class=\"wp-block-column is-layout-flow wp-block-column-is-layout-flow\">\n<p><strong>Sky Navigation Systems<\/strong> is a provider of advanced Air Traffic Control (ATC) solutions, focused on ensuring safe and efficient airspace management. With experience and a specialized team, the company offers integrated and scalable systems tailored to the needs of airports and air navigation service providers.<\/p>\n\n\n\n<p>Its commitment to <em>quality<\/em>, <em>innovation,<\/em> and <em>customer satisfaction<\/em> makes it a trusted partner in the industry. In addition to cutting-edge technology, it offers installation, training, and technical support services to ensure optimal performance.<\/p>\n\n\n\n<p>Sky Navigation Systems remains at the forefront of the industry, developing solutions that respond to the challenges of an ever-evolving aviation environment.<\/p>\n<\/div>\n\n\n\n<div class=\"wp-block-column is-layout-flow wp-block-column-is-layout-flow\">\n<figure class=\"wp-block-image size-large\"><img decoding=\"async\" width=\"2560\" height=\"1920\" src=\"https:\/\/skynavsys.es\/wp-content\/uploads\/2025\/04\/AdobeStock_431775423-3-edited-scaled.jpeg\" alt=\"\" class=\"wp-image-80\" srcset=\"https:\/\/skynavsys.es\/wp-content\/uploads\/2025\/04\/AdobeStock_431775423-3-edited-scaled.jpeg 2560w, https:\/\/skynavsys.es\/wp-content\/uploads\/2025\/04\/AdobeStock_431775423-3-edited-300x225.jpeg 300w, https:\/\/skynavsys.es\/wp-content\/uploads\/2025\/04\/AdobeStock_431775423-3-edited-1024x768.jpeg 1024w, https:\/\/skynavsys.es\/wp-content\/uploads\/2025\/04\/AdobeStock_431775423-3-edited-768x576.jpeg 768w, https:\/\/skynavsys.es\/wp-content\/uploads\/2025\/04\/AdobeStock_431775423-3-edited-1536x1152.jpeg 1536w, https:\/\/skynavsys.es\/wp-content\/uploads\/2025\/04\/AdobeStock_431775423-3-edited-2048x1536.jpeg 2048w\" sizes=\"(max-width: 2560px) 100vw, 2560px\" \/><\/figure>\n<\/div>\n<\/div>\n<\/div>\n<\/div>\n<\/div>","protected":false},"excerpt":{"rendered":"<p>\u00bfQUI\u00c9NES SOMOS? Sky Navigation Systems es un proveedor de soluciones avanzadas de Control de Tr\u00e1fico A\u00e9reo (ATC), enfocado en garantizar una gesti\u00f3n segura y eficiente del espacio a\u00e9reo. Con experiencia y un equipo especializado, la empresa ofrece sistemas integrados y escalables adaptados a las necesidades de aeropuertos y proveedores de servicios de navegaci\u00f3n a\u00e9rea. Su [&hellip;]<\/p>","protected":false},"author":1,"featured_media":0,"parent":0,"menu_order":0,"comment_status":"closed","ping_status":"closed","template":"page-no-title","meta":{"footnotes":""},"class_list":["post-3","page","type-page","status-publish","hentry"],"jetpack_sharing_enabled":true,"_links":{"self":[{"href":"https:\/\/skynavsys.es\/en\/wp-json\/wp\/v2\/pages\/3","targetHints":{"allow":["GET"]}}],"collection":[{"href":"https:\/\/skynavsys.es\/en\/wp-json\/wp\/v2\/pages"}],"about":[{"href":"https:\/\/skynavsys.es\/en\/wp-json\/wp\/v2\/types\/page"}],"author":[{"embeddable":true,"href":"https:\/\/skynavsys.es\/en\/wp-json\/wp\/v2\/users\/1"}],"replies":[{"embeddable":true,"href":"https:\/\/skynavsys.es\/en\/wp-json\/wp\/v2\/comments?post=3"}],"version-history":[{"count":17,"href":"https:\/\/skynavsys.es\/en\/wp-json\/wp\/v2\/pages\/3\/revisions"}],"predecessor-version":[{"id":879,"href":"https:\/\/skynavsys.es\/en\/wp-json\/wp\/v2\/pages\/3\/revisions\/879"}],"wp:attachment":[{"href":"https:\/\/skynavsys.es\/en\/wp-json\/wp\/v2\/media?parent=3"}],"curies":[{"name":"wp","href":"https:\/\/api.w.org\/{rel}","templated":true}]}}